{"id":152,"date":"2016-07-11T22:45:53","date_gmt":"2016-07-11T22:45:53","guid":{"rendered":"http:\/\/www.akram.pt\/web\/?page_id=152"},"modified":"2016-07-15T22:04:04","modified_gmt":"2016-07-15T22:04:04","slug":"orgaos-sociais","status":"publish","type":"page","link":"https:\/\/www.akram.pt\/web\/orgaos-sociais\/","title":{"rendered":"Org\u00e3os Sociais"},"content":{"rendered":"<h1 style=\"text-align: center;\"><strong>QUADRI\u00c9NIO 2015 \u2013 2018<\/strong><\/h1>\n<h3 style=\"text-align: center;\"><strong>MESA DA ASSEMBLEIA GERAL<\/strong><\/h3>\n<p><strong>Presidente<\/strong> \u2013 Joaquim Manuel Apar\u00edcio da Silva<\/p>\n<p><strong>Vice-presidente<\/strong> \u2013 Luc\u00edlia Maria Valente Caires Ferreira<\/p>\n<p><strong>Secret\u00e1rio<\/strong> \u2013 Helena Nat\u00e9rcia Abreu Caires<\/p>\n<p><strong>Secret\u00e1rio<\/strong> \u2013 Jo\u00e3o Joel Martins Rodrigues<\/p>\n<p><strong>Suplente<\/strong> \u2013 Rita Sofia Almeida Costa Trindade<\/p>\n<h3 style=\"text-align: center;\"><strong>DIRE\u00c7\u00c3O<\/strong><\/h3>\n<p><strong>Presidente<\/strong> \u2013 Samuel N\u00f3brega Ch\u00edcharo<\/p>\n<p><strong>Vice-presidente<\/strong> \u2013 Eduardo Lu\u00eds Henriques Martins<\/p>\n<p><strong>Tesoureiro<\/strong> \u2013 Jo\u00e3o Ab\u00edlio Peres Noronha Sobrinho<\/p>\n<p><strong>Vogal<\/strong> \u2013 Ant\u00f3nio Freitas Viveiros<\/p>\n<p><strong>Vogal<\/strong> \u2013 Ricardo Jorge Figueira Quintal<\/p>\n<p><strong>Suplente<\/strong> \u2013 Marco T\u00falio Rojas Carpio<\/p>\n<h3 style=\"text-align: center;\"><strong>CONSELHO FISCAL<\/strong><\/h3>\n<p><strong>Presidente<\/strong> \u2013 Sandra Raquel Gomes Pontes Ch\u00edcharo<\/p>\n<p><strong>Secret\u00e1rio<\/strong> \u2013 Ana Paula Vieira Pereira Cardoso<\/p>\n<p><strong>Secret\u00e1rio<\/strong> \u2013 Jo\u00e3o da Cruz Fernandes Freitas<\/p>\n<p><strong>Suplente<\/strong> \u2013 No\u00e9lia Miguela N\u00f3brega Santos Ferreira<\/p>\n<h3 style=\"text-align: center;\">CONSELHO JURISDICIONAL<\/h3>\n<p><strong>Presidente<\/strong> \u2013 Maria Cec\u00edlia Pereira da Silva de Agrela Gon\u00e7alves de Pontes Le\u00e7a<\/p>\n<p><strong>Vogal<\/strong> \u2013 \u00c9lio Alcino de Freitas<\/p>\n<p><strong>Vogal<\/strong> \u2013 Petra Vanessa da Silva<\/p>\n<p><strong>Suplente<\/strong> \u2013 Jos\u00e9 Miguel Teixeira Rosado<\/p>\n","protected":false},"excerpt":{"rendered":"<p>QUADRI\u00c9NIO 2015 \u2013 2018 MESA DA ASSEMBLEIA GERAL Presidente \u2013 Joaquim Manuel Apar\u00edcio da Silva Vice-presidente \u2013 Luc\u00edlia Maria Valente Caires Ferreira Secret\u00e1rio \u2013 Helena Nat\u00e9rcia Abreu Caires Secret\u00e1rio \u2013 Jo\u00e3o Joel Martins Rodrigues Suplente \u2013 Rita Sofia Almeida Costa Trindade DIRE\u00c7\u00c3O Presidente \u2013 Samuel N\u00f3brega Ch\u00edcharo Vice-presidente \u2013 Eduardo Lu\u00eds Henriques Martins Tesoureiro \u2013<\/p>\n<p class=\"more-link\"><a href=\"https:\/\/www.akram.pt\/web\/orgaos-sociais\/\" class=\"themebutton\">Read More<\/a><\/p>\n","protected":false},"author":2,"featured_media":0,"parent":0,"menu_order":0,"comment_status":"closed","ping_status":"closed","template":"","meta":{"_crdt_document":"","footnotes":""},"class_list":["post-152","page","type-page","status-publish","hentry"],"jetpack_sharing_enabled":true,"_links":{"self":[{"href":"https:\/\/www.akram.pt\/web\/wp-json\/wp\/v2\/pages\/152","targetHints":{"allow":["GET"]}}],"collection":[{"href":"https:\/\/www.akram.pt\/web\/wp-json\/wp\/v2\/pages"}],"about":[{"href":"https:\/\/www.akram.pt\/web\/wp-json\/wp\/v2\/types\/page"}],"author":[{"embeddable":true,"href":"https:\/\/www.akram.pt\/web\/wp-json\/wp\/v2\/users\/2"}],"replies":[{"embeddable":true,"href":"https:\/\/www.akram.pt\/web\/wp-json\/wp\/v2\/comments?post=152"}],"version-history":[{"count":0,"href":"https:\/\/www.akram.pt\/web\/wp-json\/wp\/v2\/pages\/152\/revisions"}],"wp:attachment":[{"href":"https:\/\/www.akram.pt\/web\/wp-json\/wp\/v2\/media?parent=152"}],"curies":[{"name":"wp","href":"https:\/\/api.w.org\/{rel}","templated":true}]}}