{"id":1910,"date":"2025-10-10T21:20:44","date_gmt":"2025-10-10T21:20:44","guid":{"rendered":"https:\/\/www.akram.pt\/web\/?page_id=1910"},"modified":"2025-10-12T09:59:07","modified_gmt":"2025-10-12T09:59:07","slug":"relatorio-e-contas","status":"publish","type":"page","link":"https:\/\/www.akram.pt\/web\/relatorio-e-contas\/","title":{"rendered":"Relat\u00f3rio e Contas"},"content":{"rendered":"\n<p>Relat\u00f3rios e Contas dos passados anos, dispon\u00edveis para consulta p\u00fablica.<\/p>\n<p>2023: <a href=\"https:\/\/www.akram.pt\/assets\/Relatorio_Contas_2023.zip\">Relat\u00f3rio e Contas<\/a><\/p>\n<p>2022:<a href=\"https:\/\/www.akram.pt\/assets\/Relatorio_Contas_2022.zip\">Relat\u00f3rio e Contas<\/a><\/p>\n<p>2021: <a href=\"https:\/\/www.akram.pt\/assets\/Relatorio_Contas_2021.zip\">Relat\u00f3rio e Contas<\/a><\/p>\n<p>2020: <a href=\"https:\/\/www.akram.pt\/assets\/Relatorio_Contas_2020.zip\">Relat\u00f3rio e Contas<\/a><\/p>\n<p>2019: <a href=\"https:\/\/www.akram.pt\/assets\/Relatorio_Contas_2019.zip\">Relat\u00f3rio e Contas<\/a><\/p>\n\n\n\n\n","protected":false},"excerpt":{"rendered":"<p>Relat\u00f3rios e Contas dos passados anos, dispon\u00edveis para consulta p\u00fablica. 2023: Relat\u00f3rio e Contas 2022:Relat\u00f3rio e Contas 2021: Relat\u00f3rio e Contas 2020: Relat\u00f3rio e Contas 2019: Relat\u00f3rio e Contas<\/p>\n","protected":false},"author":2,"featured_media":0,"parent":0,"menu_order":0,"comment_status":"closed","ping_status":"closed","template":"","meta":{"_crdt_document":"","footnotes":""},"class_list":["post-1910","page","type-page","status-publish","hentry"],"jetpack_sharing_enabled":true,"_links":{"self":[{"href":"https:\/\/www.akram.pt\/web\/wp-json\/wp\/v2\/pages\/1910","targetHints":{"allow":["GET"]}}],"collection":[{"href":"https:\/\/www.akram.pt\/web\/wp-json\/wp\/v2\/pages"}],"about":[{"href":"https:\/\/www.akram.pt\/web\/wp-json\/wp\/v2\/types\/page"}],"author":[{"embeddable":true,"href":"https:\/\/www.akram.pt\/web\/wp-json\/wp\/v2\/users\/2"}],"replies":[{"embeddable":true,"href":"https:\/\/www.akram.pt\/web\/wp-json\/wp\/v2\/comments?post=1910"}],"version-history":[{"count":6,"href":"https:\/\/www.akram.pt\/web\/wp-json\/wp\/v2\/pages\/1910\/revisions"}],"predecessor-version":[{"id":1919,"href":"https:\/\/www.akram.pt\/web\/wp-json\/wp\/v2\/pages\/1910\/revisions\/1919"}],"wp:attachment":[{"href":"https:\/\/www.akram.pt\/web\/wp-json\/wp\/v2\/media?parent=1910"}],"curies":[{"name":"wp","href":"https:\/\/api.w.org\/{rel}","templated":true}]}}