{"id":34,"date":"2016-02-24T15:37:41","date_gmt":"2016-02-24T15:37:41","guid":{"rendered":"http:\/\/www.akram.pt\/web\/?page_id=34"},"modified":"2025-06-09T10:30:24","modified_gmt":"2025-06-09T10:30:24","slug":"regulamentos","status":"publish","type":"page","link":"https:\/\/www.akram.pt\/web\/regulamentos\/","title":{"rendered":"Regulamentos"},"content":{"rendered":"<p>Esta sec\u00e7\u00e3o engloba os regulamentos dos diversos departamentos da Associa\u00e7\u00e3o de Karat\u00e9 da Regi\u00e3o Aut\u00f3noma da Madeira.<\/p>\n<p>Documentos:<\/p>\n<ul>\n<li><a href=\"http:\/\/www.akram.pt\/web\/wp-content\/uploads\/2017\/12\/Regulamento_Interno_2017.pdf\">Regulamento Interno<\/a><\/li>\n<li><a href=\"https:\/\/www.akram.pt\/web\/wp-content\/uploads\/2024\/12\/REGULAMENTO-TAXAS-AKRAM-2025.pdf\">Regulamento de Taxas AKRAM &#8211; 2025<\/a><\/li>\n<li><a href=\"https:\/\/www.akram.pt\/web\/wp-content\/uploads\/2024\/01\/Regulamento-Arbitragem-AKRAM-2023.pdf\">Regulamento Departamento de Arbitragem 2023<\/a><\/li>\n<li><a href=\"https:\/\/www.akram.pt\/web\/wp-content\/uploads\/2025\/06\/Regulamento-de-Provas-AKRAM_2024_2025_30OUT.pdf\">Regulamento de Provas AKRAM &#8211; 2024\/25<\/a><\/li>\n<li><a href=\"http:\/\/www.akram.pt\/web\/wp-content\/uploads\/2018\/10\/Regulamento_de_Equipas_Sanbom_Kumite_AKRAM_2018-2019.pdf\">Regulamento Sanbom Kumite 2018\/19<\/a><\/li>\n<li><a href=\"http:\/\/www.akram.pt\/web\/wp-content\/uploads\/2016\/02\/REGULAMENTO_ESTAGIOS_DESPORTIVOS_E_DE_KARATE-DO_alterado.pdf\">Regulamento de A\u00e7\u00f5es de Forma\u00e7\u00e3o e Est\u00e1gios de Karat\u00e9-Do<\/a><\/li>\n<li><a href=\"http:\/\/www.akram.pt\/web\/wp-content\/uploads\/2016\/02\/Formulario_de_Candidatura_AF_Estagios_2017_2018.doc\">Formul\u00e1rio de Candidatura AF Est\u00e1gios 2017\/2018<\/a><\/li>\n<li><a href=\"http:\/\/www.akram.pt\/web\/wp-content\/uploads\/2017\/12\/regulamento_disciplinar_2017.pdf\">Regulamento Disciplinar<\/a><\/li>\n<li><a href=\"https:\/\/www.akram.pt\/web\/wp-content\/uploads\/2025\/06\/Regulamento-para-a-concessao-de-medalhas-AKRAM_2018-2019.pdf\">Regulamento para a concess\u00e3o de medalhas &#8211; 2018\/2019<\/a><\/li>\n<\/ul>\n\n","protected":false},"excerpt":{"rendered":"<p>Esta sec\u00e7\u00e3o engloba os regulamentos dos diversos departamentos da Associa\u00e7\u00e3o de Karat\u00e9 da Regi\u00e3o Aut\u00f3noma da Madeira. Documentos: Regulamento Interno Regulamento de Taxas AKRAM &#8211; 2025 Regulamento Departamento de Arbitragem 2023 Regulamento de Provas AKRAM &#8211; 2024\/25 Regulamento Sanbom Kumite 2018\/19 Regulamento de A\u00e7\u00f5es de Forma\u00e7\u00e3o e Est\u00e1gios de Karat\u00e9-Do Formul\u00e1rio de Candidatura AF Est\u00e1gios<\/p>\n<p class=\"more-link\"><a href=\"https:\/\/www.akram.pt\/web\/regulamentos\/\" class=\"themebutton\">Read More<\/a><\/p>\n","protected":false},"author":1,"featured_media":0,"parent":0,"menu_order":0,"comment_status":"closed","ping_status":"closed","template":"","meta":{"_crdt_document":"","footnotes":""},"class_list":["post-34","page","type-page","status-publish","hentry"],"jetpack_sharing_enabled":true,"_links":{"self":[{"href":"https:\/\/www.akram.pt\/web\/wp-json\/wp\/v2\/pages\/34","targetHints":{"allow":["GET"]}}],"collection":[{"href":"https:\/\/www.akram.pt\/web\/wp-json\/wp\/v2\/pages"}],"about":[{"href":"https:\/\/www.akram.pt\/web\/wp-json\/wp\/v2\/types\/page"}],"author":[{"embeddable":true,"href":"https:\/\/www.akram.pt\/web\/wp-json\/wp\/v2\/users\/1"}],"replies":[{"embeddable":true,"href":"https:\/\/www.akram.pt\/web\/wp-json\/wp\/v2\/comments?post=34"}],"version-history":[{"count":8,"href":"https:\/\/www.akram.pt\/web\/wp-json\/wp\/v2\/pages\/34\/revisions"}],"predecessor-version":[{"id":1908,"href":"https:\/\/www.akram.pt\/web\/wp-json\/wp\/v2\/pages\/34\/revisions\/1908"}],"wp:attachment":[{"href":"https:\/\/www.akram.pt\/web\/wp-json\/wp\/v2\/media?parent=34"}],"curies":[{"name":"wp","href":"https:\/\/api.w.org\/{rel}","templated":true}]}}