{"id":58,"date":"2016-02-24T16:03:17","date_gmt":"2016-02-24T16:03:17","guid":{"rendered":"http:\/\/www.akram.pt\/web\/?page_id=58"},"modified":"2016-07-15T22:06:57","modified_gmt":"2016-07-15T22:06:57","slug":"contactos","status":"publish","type":"page","link":"https:\/\/www.akram.pt\/web\/contactos\/","title":{"rendered":"Contactos"},"content":{"rendered":"<h3>Morada:<\/h3>\n<p>AKRAM &#8211; Associa\u00e7\u00e3o de Karate da Regi\u00e3o Aut\u00f3noma da Madeira<br \/> Complexo de Piscinas Ol\u00edmpicas do Funchal<br \/> Beco dos \u00c1lamos<br \/> 9020-020 Funchal<\/p>\n<ul>\n<li>Telefone: <strong>291 638 203<\/strong><\/li>\n<li>Telem\u00f3vel: <strong>96 74 71 634<\/strong><\/li>\n<\/ul>\n<h3>Correio Electr\u00f3nico:<\/h3>\n<ul>\n<li>Geral (Endere\u00e7o Principal) :\u00a0<strong>akram@akram.pt<\/strong><\/li>\n<li>Direc\u00e7\u00e3o :\u00a0<strong>direccao@akram.pt<\/strong><\/li>\n<li>Departamento T\u00e9cnico :\u00a0<strong>tecnico@akram.pt<\/strong><\/li>\n<li>Departamento de Forma\u00e7\u00e3o :\u00a0<strong>formacao@akram.pt<\/strong><\/li>\n<li>Departamento de Selec\u00e7\u00e3o :\u00a0<strong>seleccao@akram.pt<\/strong><\/li>\n<li>Departamento de Actividades de Promo\u00e7\u00e3o e Desporto Escolar :\u00a0<strong>apde@akram.pt<\/strong><\/li>\n<li>Departamento de Competi\u00e7\u00e3o :\u00a0<strong>competicao@akram.pt<\/strong><\/li>\n<li>Departamento de Arbitragem :\u00a0<strong>arbitragem@akram.pt<\/strong><\/li>\n<li>Departamento de Informa\u00e7\u00e3o :\u00a0<strong>informacao@akram.pt<\/strong><\/li>\n<li>Praticantes de Elevado Potencial: <strong>peps@akram.pt<\/strong><\/li>\n<li>Presidente da Mesa da Assembleia Geral: <strong>assembleia.geral@akram.pt<\/strong><\/li>\n<\/ul>\n","protected":false},"excerpt":{"rendered":"<p>Morada: AKRAM &#8211; Associa\u00e7\u00e3o de Karate da Regi\u00e3o Aut\u00f3noma da Madeira Complexo de Piscinas Ol\u00edmpicas do Funchal Beco dos \u00c1lamos 9020-020 Funchal Telefone: 291 638 203 Telem\u00f3vel: 96 74 71 634 Correio Electr\u00f3nico: Geral (Endere\u00e7o Principal) :\u00a0akram@akram.pt Direc\u00e7\u00e3o :\u00a0direccao@akram.pt Departamento T\u00e9cnico :\u00a0tecnico@akram.pt Departamento de Forma\u00e7\u00e3o :\u00a0formacao@akram.pt Departamento de Selec\u00e7\u00e3o :\u00a0seleccao@akram.pt Departamento de Actividades de Promo\u00e7\u00e3o<\/p>\n<p class=\"more-link\"><a href=\"https:\/\/www.akram.pt\/web\/contactos\/\" class=\"themebutton\">Read More<\/a><\/p>\n","protected":false},"author":1,"featured_media":0,"parent":0,"menu_order":0,"comment_status":"closed","ping_status":"closed","template":"","meta":{"_crdt_document":"","footnotes":""},"class_list":["post-58","page","type-page","status-publish","hentry"],"jetpack_sharing_enabled":true,"_links":{"self":[{"href":"https:\/\/www.akram.pt\/web\/wp-json\/wp\/v2\/pages\/58","targetHints":{"allow":["GET"]}}],"collection":[{"href":"https:\/\/www.akram.pt\/web\/wp-json\/wp\/v2\/pages"}],"about":[{"href":"https:\/\/www.akram.pt\/web\/wp-json\/wp\/v2\/types\/page"}],"author":[{"embeddable":true,"href":"https:\/\/www.akram.pt\/web\/wp-json\/wp\/v2\/users\/1"}],"replies":[{"embeddable":true,"href":"https:\/\/www.akram.pt\/web\/wp-json\/wp\/v2\/comments?post=58"}],"version-history":[{"count":0,"href":"https:\/\/www.akram.pt\/web\/wp-json\/wp\/v2\/pages\/58\/revisions"}],"wp:attachment":[{"href":"https:\/\/www.akram.pt\/web\/wp-json\/wp\/v2\/media?parent=58"}],"curies":[{"name":"wp","href":"https:\/\/api.w.org\/{rel}","templated":true}]}}