{"id":84,"date":"2016-02-24T17:06:58","date_gmt":"2016-02-24T17:06:58","guid":{"rendered":"http:\/\/www.akram.pt\/web\/?page_id=84"},"modified":"2016-07-15T22:17:14","modified_gmt":"2016-07-15T22:17:14","slug":"treinar-karate","status":"publish","type":"page","link":"https:\/\/www.akram.pt\/web\/treinar-karate\/","title":{"rendered":"Treinar Karat\u00e9"},"content":{"rendered":"<div class=\"headline\">\n<h1 class=\"title\">Raz\u00f5es para Treinar Karat\u00e9<\/h1>\n<\/div>\n<p>\u00c9 uma Arte Marcial e um Desporto De Combate Seguro (Luta Controlada)<\/p>\n<p>&nbsp;<\/p>\n<p><img data-recalc-dims=\"1\" loading=\"lazy\" decoding=\"async\" data-attachment-id=\"249\" data-permalink=\"https:\/\/www.akram.pt\/web\/treinar-karate\/desportoseguro\/#main\" data-orig-file=\"https:\/\/i0.wp.com\/www.akram.pt\/web\/wp-content\/uploads\/2016\/02\/DesportoSeguro.jpg?fit=1876%2C1222&amp;ssl=1\" data-orig-size=\"1876,1222\" data-comments-opened=\"0\" data-image-meta=\"{&quot;aperture&quot;:&quot;0&quot;,&quot;credit&quot;:&quot;&quot;,&quot;camera&quot;:&quot;&quot;,&quot;caption&quot;:&quot;&quot;,&quot;created_timestamp&quot;:&quot;0&quot;,&quot;copyright&quot;:&quot;&quot;,&quot;focal_length&quot;:&quot;0&quot;,&quot;iso&quot;:&quot;0&quot;,&quot;shutter_speed&quot;:&quot;0&quot;,&quot;title&quot;:&quot;&quot;,&quot;orientation&quot;:&quot;1&quot;}\" data-image-title=\"Desporto Seguro\" data-image-description=\"\" data-image-caption=\"\" data-large-file=\"https:\/\/i0.wp.com\/www.akram.pt\/web\/wp-content\/uploads\/2016\/02\/DesportoSeguro.jpg?fit=1024%2C667&amp;ssl=1\" class=\"size-medium wp-image-249 aligncenter\" src=\"https:\/\/i0.wp.com\/www.akram.pt\/web\/wp-content\/uploads\/2016\/02\/DesportoSeguro-300x195.jpg?resize=300%2C195\" alt=\"Desporto Seguro\" width=\"300\" height=\"195\" srcset=\"https:\/\/i0.wp.com\/www.akram.pt\/web\/wp-content\/uploads\/2016\/02\/DesportoSeguro.jpg?resize=300%2C195&amp;ssl=1 300w, https:\/\/i0.wp.com\/www.akram.pt\/web\/wp-content\/uploads\/2016\/02\/DesportoSeguro.jpg?resize=768%2C500&amp;ssl=1 768w, https:\/\/i0.wp.com\/www.akram.pt\/web\/wp-content\/uploads\/2016\/02\/DesportoSeguro.jpg?resize=1024%2C667&amp;ssl=1 1024w, https:\/\/i0.wp.com\/www.akram.pt\/web\/wp-content\/uploads\/2016\/02\/DesportoSeguro.jpg?w=1876&amp;ssl=1 1876w\" sizes=\"auto, (max-width: 300px) 100vw, 300px\" \/><\/p>\n<p>Estas s\u00e3o algumas das raz\u00f5es para treinares Karat\u00e9, pois com o treino desta modalidade vais desenvolver a tua:<\/p>\n<h4><strong>1. EDUCA\u00c7\u00c3O e RESPEITO<\/strong><\/h4>\n<p>No Karat\u00e9 s\u00e3o transmitidos princ\u00edpios de educa\u00e7\u00e3o e respeito para com os colegas de treinos e toda a sociedade.<\/p>\n<h4><strong>2. CONCENTRA\u00c7\u00c3O e MEM\u00d3RIA<\/strong><\/h4>\n<p>Aprender as t\u00e9cnicas e sequ\u00eancias do Karat\u00e9 exige concentra\u00e7\u00e3o e mem\u00f3ria para voltar a realiz\u00e1-las.<\/p>\n<p><img data-recalc-dims=\"1\" loading=\"lazy\" decoding=\"async\" data-attachment-id=\"250\" data-permalink=\"https:\/\/www.akram.pt\/web\/treinar-karate\/kata-equilibrio-concentracao-memoria\/#main\" data-orig-file=\"https:\/\/i0.wp.com\/www.akram.pt\/web\/wp-content\/uploads\/2016\/02\/Kata-Equilibrio-Concentracao-Memoria.jpg?fit=918%2C912&amp;ssl=1\" data-orig-size=\"918,912\" data-comments-opened=\"0\" data-image-meta=\"{&quot;aperture&quot;:&quot;0&quot;,&quot;credit&quot;:&quot;&quot;,&quot;camera&quot;:&quot;&quot;,&quot;caption&quot;:&quot;&quot;,&quot;created_timestamp&quot;:&quot;0&quot;,&quot;copyright&quot;:&quot;&quot;,&quot;focal_length&quot;:&quot;0&quot;,&quot;iso&quot;:&quot;0&quot;,&quot;shutter_speed&quot;:&quot;0&quot;,&quot;title&quot;:&quot;&quot;,&quot;orientation&quot;:&quot;1&quot;}\" data-image-title=\"Kata-Equilibrio-Concentracao-Memoria\" data-image-description=\"\" data-image-caption=\"\" data-large-file=\"https:\/\/i0.wp.com\/www.akram.pt\/web\/wp-content\/uploads\/2016\/02\/Kata-Equilibrio-Concentracao-Memoria.jpg?fit=918%2C912&amp;ssl=1\" class=\"size-medium wp-image-250 aligncenter\" src=\"https:\/\/i0.wp.com\/www.akram.pt\/web\/wp-content\/uploads\/2016\/02\/Kata-Equilibrio-Concentracao-Memoria-300x298.jpg?resize=300%2C298\" alt=\"Kata-Equilibrio-Concentracao-Memoria\" width=\"300\" height=\"298\" srcset=\"https:\/\/i0.wp.com\/www.akram.pt\/web\/wp-content\/uploads\/2016\/02\/Kata-Equilibrio-Concentracao-Memoria.jpg?resize=300%2C298&amp;ssl=1 300w, https:\/\/i0.wp.com\/www.akram.pt\/web\/wp-content\/uploads\/2016\/02\/Kata-Equilibrio-Concentracao-Memoria.jpg?resize=150%2C150&amp;ssl=1 150w, https:\/\/i0.wp.com\/www.akram.pt\/web\/wp-content\/uploads\/2016\/02\/Kata-Equilibrio-Concentracao-Memoria.jpg?resize=768%2C763&amp;ssl=1 768w, https:\/\/i0.wp.com\/www.akram.pt\/web\/wp-content\/uploads\/2016\/02\/Kata-Equilibrio-Concentracao-Memoria.jpg?resize=120%2C120&amp;ssl=1 120w, https:\/\/i0.wp.com\/www.akram.pt\/web\/wp-content\/uploads\/2016\/02\/Kata-Equilibrio-Concentracao-Memoria.jpg?resize=105%2C105&amp;ssl=1 105w, https:\/\/i0.wp.com\/www.akram.pt\/web\/wp-content\/uploads\/2016\/02\/Kata-Equilibrio-Concentracao-Memoria.jpg?w=918&amp;ssl=1 918w\" sizes=\"auto, (max-width: 300px) 100vw, 300px\" \/><\/p>\n<h4><strong>3. CONFIAN\u00c7A e AUTOESTIMA<\/strong><\/h4>\n<p>Com a evolu\u00e7\u00e3o do praticante de Karat\u00e9, surge um sentimento de confian\u00e7a e autoestima por conseguir progredir. Um exemplo vis\u00edvel \u00e9 a evolu\u00e7\u00e3o da cor do seu cinto.<\/p>\n<p><img data-recalc-dims=\"1\" loading=\"lazy\" decoding=\"async\" data-attachment-id=\"248\" data-permalink=\"https:\/\/www.akram.pt\/web\/treinar-karate\/kata-confianca-auto-estima\/#main\" data-orig-file=\"https:\/\/i0.wp.com\/www.akram.pt\/web\/wp-content\/uploads\/2016\/02\/Kata-Confianca-Auto-Estima.jpg?fit=1170%2C1024&amp;ssl=1\" data-orig-size=\"1170,1024\" data-comments-opened=\"0\" data-image-meta=\"{&quot;aperture&quot;:&quot;0&quot;,&quot;credit&quot;:&quot;&quot;,&quot;camera&quot;:&quot;&quot;,&quot;caption&quot;:&quot;&quot;,&quot;created_timestamp&quot;:&quot;0&quot;,&quot;copyright&quot;:&quot;&quot;,&quot;focal_length&quot;:&quot;0&quot;,&quot;iso&quot;:&quot;0&quot;,&quot;shutter_speed&quot;:&quot;0&quot;,&quot;title&quot;:&quot;&quot;,&quot;orientation&quot;:&quot;1&quot;}\" data-image-title=\"Kata-Confianca-Auto-Estima\" data-image-description=\"\" data-image-caption=\"\" data-large-file=\"https:\/\/i0.wp.com\/www.akram.pt\/web\/wp-content\/uploads\/2016\/02\/Kata-Confianca-Auto-Estima.jpg?fit=1024%2C896&amp;ssl=1\" class=\"size-medium wp-image-248 aligncenter\" src=\"https:\/\/i0.wp.com\/www.akram.pt\/web\/wp-content\/uploads\/2016\/02\/Kata-Confianca-Auto-Estima-300x263.jpg?resize=300%2C263\" alt=\"Kata-Confianca-Auto-Estima\" width=\"300\" height=\"263\" srcset=\"https:\/\/i0.wp.com\/www.akram.pt\/web\/wp-content\/uploads\/2016\/02\/Kata-Confianca-Auto-Estima.jpg?resize=300%2C263&amp;ssl=1 300w, https:\/\/i0.wp.com\/www.akram.pt\/web\/wp-content\/uploads\/2016\/02\/Kata-Confianca-Auto-Estima.jpg?resize=768%2C672&amp;ssl=1 768w, https:\/\/i0.wp.com\/www.akram.pt\/web\/wp-content\/uploads\/2016\/02\/Kata-Confianca-Auto-Estima.jpg?resize=1024%2C896&amp;ssl=1 1024w, https:\/\/i0.wp.com\/www.akram.pt\/web\/wp-content\/uploads\/2016\/02\/Kata-Confianca-Auto-Estima.jpg?w=1170&amp;ssl=1 1170w\" sizes=\"auto, (max-width: 300px) 100vw, 300px\" \/><\/p>\n<h4><strong>4. DIVERTIMENTO e CONDI\u00c7\u00c3O F\u00cdSICA<\/strong><\/h4>\n<p>Durante as aulas de Karat\u00e9 realizam-se exerc\u00edcios l\u00fadicos que estimulam a divers\u00e3o e libertam sorrisos. O treino deste desporto desenvolve a motricidade, o equil\u00edbrio, a coordena\u00e7\u00e3o, a agilidade, a flexibilidade e o controlo do peso.<\/p>\n<h4><strong>5. CRIATIVIDADE e INOVA\u00c7\u00c3O<\/strong><\/h4>\n<p>Criar sequ\u00eancias de movimento com as t\u00e9cnicas de Karat\u00e9, permite estimular a criatividade e inova\u00e7\u00e3o dos seus praticantes.<\/p>\n<p><img data-recalc-dims=\"1\" loading=\"lazy\" decoding=\"async\" data-attachment-id=\"251\" data-permalink=\"https:\/\/www.akram.pt\/web\/treinar-karate\/kumite-criatividade-inovacao-respeito-educacao\/#main\" data-orig-file=\"https:\/\/i0.wp.com\/www.akram.pt\/web\/wp-content\/uploads\/2016\/02\/Kumite-Criatividade-Inovacao-Respeito-Educacao.jpg?fit=1014%2C1506&amp;ssl=1\" data-orig-size=\"1014,1506\" data-comments-opened=\"0\" data-image-meta=\"{&quot;aperture&quot;:&quot;5.6&quot;,&quot;credit&quot;:&quot;&quot;,&quot;camera&quot;:&quot;NIKON D3200&quot;,&quot;caption&quot;:&quot;&quot;,&quot;created_timestamp&quot;:&quot;1382785420&quot;,&quot;copyright&quot;:&quot;&quot;,&quot;focal_length&quot;:&quot;35&quot;,&quot;iso&quot;:&quot;360&quot;,&quot;shutter_speed&quot;:&quot;0.008&quot;,&quot;title&quot;:&quot;&quot;,&quot;orientation&quot;:&quot;1&quot;}\" data-image-title=\"Kumite-Criatividade-Inovacao-Respeito-Educacao\" data-image-description=\"\" data-image-caption=\"\" data-large-file=\"https:\/\/i0.wp.com\/www.akram.pt\/web\/wp-content\/uploads\/2016\/02\/Kumite-Criatividade-Inovacao-Respeito-Educacao.jpg?fit=689%2C1024&amp;ssl=1\" class=\"size-medium wp-image-251 aligncenter\" src=\"https:\/\/i0.wp.com\/www.akram.pt\/web\/wp-content\/uploads\/2016\/02\/Kumite-Criatividade-Inovacao-Respeito-Educacao-202x300.jpg?resize=202%2C300\" alt=\"Kumite-Criatividade-Inovacao-Respeito-Educacao\" width=\"202\" height=\"300\" srcset=\"https:\/\/i0.wp.com\/www.akram.pt\/web\/wp-content\/uploads\/2016\/02\/Kumite-Criatividade-Inovacao-Respeito-Educacao.jpg?resize=202%2C300&amp;ssl=1 202w, https:\/\/i0.wp.com\/www.akram.pt\/web\/wp-content\/uploads\/2016\/02\/Kumite-Criatividade-Inovacao-Respeito-Educacao.jpg?resize=768%2C1141&amp;ssl=1 768w, https:\/\/i0.wp.com\/www.akram.pt\/web\/wp-content\/uploads\/2016\/02\/Kumite-Criatividade-Inovacao-Respeito-Educacao.jpg?resize=689%2C1024&amp;ssl=1 689w, https:\/\/i0.wp.com\/www.akram.pt\/web\/wp-content\/uploads\/2016\/02\/Kumite-Criatividade-Inovacao-Respeito-Educacao.jpg?w=1014&amp;ssl=1 1014w\" sizes=\"auto, (max-width: 202px) 100vw, 202px\" \/><\/p>\n<h4><strong>6. ESCOLA para toda a VIDA<\/strong><\/h4>\n<p>As t\u00e9cnicas de Karat\u00e9 podem ser realizadas durante toda a vida e n\u00e3o s\u00f3 enquanto jovens.<\/p>\n","protected":false},"excerpt":{"rendered":"<p>Raz\u00f5es para Treinar Karat\u00e9 \u00c9 uma Arte Marcial e um Desporto De Combate Seguro (Luta Controlada) &nbsp; Estas s\u00e3o algumas das raz\u00f5es para treinares Karat\u00e9, pois com o treino desta modalidade vais desenvolver a tua: 1. EDUCA\u00c7\u00c3O e RESPEITO No Karat\u00e9 s\u00e3o transmitidos princ\u00edpios de educa\u00e7\u00e3o e respeito para com os colegas de treinos e<\/p>\n<p class=\"more-link\"><a href=\"https:\/\/www.akram.pt\/web\/treinar-karate\/\" class=\"themebutton\">Read More<\/a><\/p>\n","protected":false},"author":1,"featured_media":0,"parent":0,"menu_order":0,"comment_status":"closed","ping_status":"closed","template":"","meta":{"_crdt_document":"","footnotes":""},"class_list":["post-84","page","type-page","status-publish","hentry"],"jetpack_sharing_enabled":true,"_links":{"self":[{"href":"https:\/\/www.akram.pt\/web\/wp-json\/wp\/v2\/pages\/84","targetHints":{"allow":["GET"]}}],"collection":[{"href":"https:\/\/www.akram.pt\/web\/wp-json\/wp\/v2\/pages"}],"about":[{"href":"https:\/\/www.akram.pt\/web\/wp-json\/wp\/v2\/types\/page"}],"author":[{"embeddable":true,"href":"https:\/\/www.akram.pt\/web\/wp-json\/wp\/v2\/users\/1"}],"replies":[{"embeddable":true,"href":"https:\/\/www.akram.pt\/web\/wp-json\/wp\/v2\/comments?post=84"}],"version-history":[{"count":0,"href":"https:\/\/www.akram.pt\/web\/wp-json\/wp\/v2\/pages\/84\/revisions"}],"wp:attachment":[{"href":"https:\/\/www.akram.pt\/web\/wp-json\/wp\/v2\/media?parent=84"}],"curies":[{"name":"wp","href":"https:\/\/api.w.org\/{rel}","templated":true}]}}